{"id":263,"date":"2025-03-18T20:18:54","date_gmt":"2025-03-18T18:18:54","guid":{"rendered":"https:\/\/www.andrasjonhamn.fi\/?page_id=263"},"modified":"2026-03-28T18:38:56","modified_gmt":"2026-03-28T16:38:56","slug":"avtal-innehavare","status":"publish","type":"page","link":"https:\/\/www.andrasjonhamn.fi\/index.php\/avtal-innehavare\/","title":{"rendered":"Medlemsavtal"},"content":{"rendered":"\n\n  <div class=\"banner has-hover has-parallax\" id=\"banner-1357049374\">\n          <div class=\"banner-inner fill\">\n        <div class=\"banner-bg fill\" data-parallax=\"-4\" data-parallax-container=\".banner\" data-parallax-background>\n            <img loading=\"lazy\" decoding=\"async\" width=\"1080\" height=\"810\" src=\"https:\/\/www.andrasjonhamn.fi\/wp-content\/uploads\/2025\/03\/cfe86f9d-17a0-4b8b-8a76-c8242d44da1d.jpeg\" class=\"bg attachment-original size-original\" alt=\"\" \/>                        <div class=\"overlay\"><\/div>            \n                    <\/div>\n\t\t\n        <div class=\"banner-layers container\">\n            <a class=\"fill\" href=\"https:\/\/www.andrasjonhamn.fi\/index.php\/kontaktformular\/\"><div class=\"fill banner-link\"><\/div><\/a>            \n\n   <div id=\"text-box-1406519044\" class=\"text-box banner-layer x50 md-x50 lg-x50 y50 md-y50 lg-y50 res-text\">\n              <div data-parallax=\"-3\" data-parallax-fade=\"true\">       <div data-animate=\"fadeInUp\">           <div class=\"text-box-content text dark text-shadow-1\">\n              \n              <div class=\"text-inner text-center\">\n                  \n\n<p><strong><span style=\"font-size: 200%;\">Medemsavtal<\/span><\/strong><\/p>\n\n              <\/div>\n           <\/div>\n       <\/div>       <\/div>              \n<style>\n#text-box-1406519044 {\n  width: 100%;\n}\n#text-box-1406519044 .text-box-content {\n  font-size: 131%;\n}\n@media (min-width:550px) {\n  #text-box-1406519044 {\n    width: 59%;\n  }\n  #text-box-1406519044 .text-box-content {\n    font-size: 100%;\n  }\n}\n<\/style>\n    <\/div>\n \n\n        <\/div>\n      <\/div>\n\n            \n<style>\n#banner-1357049374 {\n  padding-top: 312px;\n}\n#banner-1357049374 .overlay {\n  background-color: rgba(0, 0, 0, 0.27);\n}\n#banner-1357049374 .banner-bg img {\n  object-position: 37% 52%;\n}\n@media (min-width:550px) {\n  #banner-1357049374 {\n    padding-top: 53%;\n  }\n}\n<\/style>\n  <\/div>\n\n\n<div style=\"text-align: center;\"><span style=\"font-size: 120%; color: #000000;\"><strong>Avtal f\u00f6r b\u00e5tplatsinnehavare i Andrasj\u00f6ns B\u00e5thamn<\/strong><\/span><\/div>\n<div style=\"text-align: center;\"><span style=\"font-size: 120%; color: #000000;\"><strong>som B\u00e5thamnsf\u00f6reningen i Nykarleby r.f. (nedan<\/strong><\/span><\/div>\n<div style=\"text-align: center;\"><span style=\"font-size: 120%; color: #000000;\"><strong>f\u00f6reningen) administrerar.<\/strong><\/span><\/div>\n<div style=\"text-align: center;\">\u00a0<\/div>\n<div style=\"text-align: center;\"><strong><span style=\"color: #000000;\">Avtalets inneb\u00f6rd<\/span><\/strong><\/div>\n<div style=\"text-align: center;\">Detta avtal \u00e4r uppgjort f\u00f6r att klarg\u00f6ra verksamheten i<\/div>\n<div style=\"text-align: center;\">Andrasj\u00f6ns b\u00e5thamn som f\u00f6reningen administrerar. Avtalet klarg\u00f6r<\/div>\n<div style=\"text-align: center;\">b\u00e5tplatsinnehavarens skyldigheter och r\u00e4ttigheter i hamnen. Avtalet<\/div>\n<div style=\"text-align: center;\">undertecknas av alla som besitter en eller flere b\u00e5tplatser i Andrasj\u00f6ns<\/div>\n<div style=\"text-align: center;\">b\u00e5thamn eller f\u00e5r sig tilldelad en b\u00e5tplats i denna hamn.<\/div>\n<div style=\"text-align: center;\">Medlemskap i B\u00e5thamsf\u00f6reningen i Nykarleby r.f.<\/div>\n<div style=\"text-align: center;\">Endast medlemmar i f\u00f6reningen kan vara b\u00e5tplatsinnehavare i Andrasj\u00f6ns<\/div>\n<div style=\"text-align: center;\">b\u00e5thamn som f\u00f6reningen administrerar.<\/div>\n<div style=\"text-align: center;\">Medlemmen godk\u00e4nner att medlemmens personuppgifter ( enligt<\/div>\n<div style=\"text-align: center;\">medlemsans\u00f6kan) inf\u00f6res i f\u00f6reningens medlemsregister. Avtalet upph\u00f6r att<\/div>\n<div style=\"text-align: center;\">g\u00e4lla d\u00e5 medlem avyttrar sin b\u00e5tplats\/ b\u00e5tplatser.<\/div>\n<div style=\"text-align: center;\"><strong><span style=\"color: #000000;\">F\u00f6reningens ansvar<\/span><\/strong><\/div>\n<div style=\"text-align: center;\">Omr\u00e5det f\u00f6r f\u00f6reningens b\u00e5thamn \u00e4r reserverat f\u00f6r b\u00e5tplatser. F\u00f6reningen<\/div>\n<div style=\"text-align: center;\">besluter om utveckling av hamnen och utbyggnad av b\u00e5tplatserna.<\/div>\n<div style=\"text-align: center;\">F\u00f6reningen uppg\u00f6r beh\u00f6vliga skriftliga avtal med ber\u00f6rda parter f\u00f6r att \u00f6verta<\/div>\n<div style=\"text-align: center;\">administrationen av b\u00e5thamnen och dess anl\u00e4ggningarna. F\u00f6reningen st\u00e5r f\u00f6r<\/div>\n<div style=\"text-align: center;\">eventuella kostnader som uppst\u00e5r i samband med \u00f6vertagandet.<\/div>\n<div style=\"text-align: center;\">I hamnen finns olika kategorier av b\u00e5tplatser. F\u00f6reningen harmoniserar<\/div>\n<div style=\"text-align: center;\">b\u00e5tplatsernas hyresniv\u00e5er i vilket man tar i beaktande b\u00e5tplatsernas<\/div>\n<div style=\"text-align: center;\">uppbyggnad och bredd. F\u00f6reningens \u00e5rsm\u00f6te fastst\u00e4ller b\u00e5tplatshyrorna.<\/div>\n<div style=\"text-align: center;\">B\u00e5tplatsinnehavarens ansvar och r\u00e4ttigheter<\/div>\n<div style=\"text-align: center;\">1. Registrering av b\u00e5tplats<\/div>\n<div style=\"text-align: center;\">Medlem som f\u00e5tt sig tilldelad en b\u00e5tplats i f\u00f6reningens hamn skall registrera<\/div>\n<div style=\"text-align: center;\">detta och senast p\u00e5 f\u00f6rfallodagen betala registreringsavgiften f\u00f6r respektive<\/div>\n<div style=\"text-align: center;\">b\u00e5tplats. Registreringsavgiften \u00e4r en eng\u00e5ngsavgift. Registreringsavgiften<\/div>\n<div style=\"text-align: center;\">fastsl\u00e5s av f\u00f6reningens \u00e5rsm\u00f6tet.<\/div>\n<div style=\"text-align: center;\">\u00a0<\/div>\n<div style=\"text-align: center;\">2. \u00d6verl\u00e5telse av eller uthyrning av b\u00e5tplats<\/div>\n<div style=\"text-align: center;\">\u00d6verl\u00e5telse eller uthyrning av b\u00e5tplats till tredje peson \u00e4r ej till\u00e5ten<\/div>\n<div style=\"text-align: center;\">( \u00f6verg\u00e5ngsperiod \u00e5r 2025). F\u00f6rbudet f\u00f6rhindrar att b\u00e5tplatsinnehavare g\u00f6r<\/div>\n<div style=\"text-align: center;\">vinst p\u00e5 platserna som f\u00f6reningen administrerar.<\/div>\n<div style=\"text-align: center;\">Styrelsen kan genom beslut g\u00f6ra f\u00f6ljande undantag fr\u00e5n regeln ovan :<\/div>\n<div style=\"text-align: center;\">a) Om medlem inte har anv\u00e4ndning f\u00f6r sin b\u00e5tplats under ett \u00e5r eller flere \u00e5r<\/div>\n<div style=\"text-align: center;\">kan platsen \u00f6verl\u00e5tas till styrelsen som hyr ut platsen. F\u00f6r denna \u00e4ndring i<\/div>\n<div style=\"text-align: center;\">uthyrningen debiteras en avgift p\u00e5 26 euro vilket den nya anv\u00e4ndaren av<\/div>\n<div style=\"text-align: center;\">b\u00e5tplatsen skall betala.<\/div>\n<div style=\"text-align: center;\">Den registrerade b\u00e5tplatsinnehavaren kan till styrelsen f\u00f6resl\u00e5 till vem<\/div>\n<div style=\"text-align: center;\">b\u00e5tplatsen b\u00f6r tillf\u00e4lligt uthyras.<\/div>\n<div style=\"text-align: center;\">Den som p\u00e5 detta s\u00e4tt f\u00e5r en plats att hyra m\u00e5ste bli medlem i f\u00f6reningen<\/div>\n<div style=\"text-align: center;\">och underteckna avtalet f\u00f6r b\u00e5tplatsinnehavare. Om denna medlem inte<\/div>\n<div style=\"text-align: center;\">betalar \u00e4ndringsavgiften enligt ovan, sin medlemsavgift eller hyra f\u00f6r den<\/div>\n<div style=\"text-align: center;\">tillf\u00e4lligt hyrda platsen kan styrelsen efter en p\u00e5minnelse \u00f6verta platsen<\/div>\n<div style=\"text-align: center;\">och hyra ut den till en ny innehavare.<\/div>\n<div style=\"text-align: center;\">Om b\u00e5tplatsinnehavaren inte f\u00f6resl\u00e5r n\u00e5gon v\u00e4ljer styrelsen den b\u00e5t\u00e4garen<\/div>\n<div style=\"text-align: center;\">som f\u00e5r hyra platsen (\u00e4ven denna m\u00e5ste betala \u00e4ndringsavgiften, bli<\/div>\n<div style=\"text-align: center;\">medlem i f\u00f6reningen och underteckna avtalet f\u00f6r b\u00e5tplatsinnehavare).<\/div>\n<div style=\"text-align: center;\">Medlemmen som p\u00e5 detta s\u00e4tt \u00f6verl\u00e5ter sin plats f\u00f6r uthyrning blir befriad<\/div>\n<div style=\"text-align: center;\">fr\u00e5n \u00e5rshyran f\u00f6r resp. plats. Medlem i vars namn platsen \u00e4r registrerad<\/div>\n<div style=\"text-align: center;\">kan ta platsen i eget bruk n\u00e4r helst hen \u00f6nskar. Anm\u00e4lan om ibruktagande<\/div>\n<div style=\"text-align: center;\">b\u00f6r ske i god tid f\u00f6re b\u00e5ts\u00e4songens b\u00f6rjan.<\/div>\n<div style=\"text-align: center;\">b) B\u00e5tplats som en innehavare haft f\u00f6r att komma ut till sin sommarstuga kan<\/div>\n<div style=\"text-align: center;\">vid f\u00f6rs\u00e4ljning av sommarstugan \u00f6verf\u00f6ras och registreras p\u00e5 den nya<\/div>\n<div style=\"text-align: center;\">sommarstuge\u00e4garen om s\u00e5 \u00f6nskas. \u00d6verf\u00f6ringen skall meddelas till<\/div>\n<div style=\"text-align: center;\">styrelsen som fastst\u00e4ller och registrerar \u00f6verf\u00f6ringen.<\/div>\n<div style=\"text-align: center;\">c) B\u00e5tplats kan \u00f6verl\u00e5tas till familjemedlem vilket dock b\u00f6r godk\u00e4nnas av<\/div>\n<div style=\"text-align: center;\">f\u00f6reningens styrelse.<\/div>\n<div style=\"text-align: center;\">d) Om medlem som har en b\u00e5tplats avlider g\u00e5r b\u00e5tplatsen i f\u00f6rsta hand till<\/div>\n<div style=\"text-align: center;\">n\u00e5gon familjemedlem. Om intresse f\u00f6r platsen inte finns delar styrelsen ut<\/div>\n<div style=\"text-align: center;\">platsen till en ny innehavare.<\/div>\n<div style=\"text-align: center;\">\u00a0<\/div>\n<div style=\"text-align: center;\">Styrelsen kan om v\u00e4gande sk\u00e4l f\u00f6religger g\u00f6r andra beslut \u00e4n vad ovan<\/div>\n<div style=\"text-align: center;\">n\u00e4mnda huvudregeler f\u00f6reskriver.<\/div>\n<div style=\"text-align: center;\">\u00a0<\/div>\n<div style=\"text-align: center;\">3. Styrelsens r\u00e4tt att \u00f6verta och vidaredela b\u00e5tplats<\/div>\n<div style=\"text-align: center;\">F\u00f6reningens styrelse har r\u00e4tt att tilldela ledig b\u00e5tplats till b\u00e5t\u00e4gare som anm\u00e4lt<\/div>\n<div style=\"text-align: center;\">sitt intresse f\u00f6r att f\u00e5 en b\u00e5tplats och \u00e4r itur att f\u00e5 en.<\/div>\n<div style=\"text-align: center;\">Om medlem inte betalar sin Registreringsavgift, medlemsavgift eller hyra f\u00f6r<\/div>\n<div style=\"text-align: center;\">respektive b\u00e5tplats efter en p\u00e5minnelse kan styrelsen \u00f6verta platsen och dela<\/div>\n<div style=\"text-align: center;\">ut den till en ny innehavare p\u00e5 vilken platsen registreras.<\/div>\n<div style=\"text-align: center;\">4. Anl\u00e4ggningarnas anv\u00e4ndning av icke medlemmar.<\/div>\n<div style=\"text-align: center;\">B\u00e5t\u00e4gare som tillf\u00e4lligt bes\u00f6ker hamnen har r\u00e4tt att tillf\u00e4lligt anv\u00e4nda<\/div>\n<div style=\"text-align: center;\">lastbryggan och sj\u00f6s\u00e4ttningsrampen f\u00f6r sj\u00f6s\u00e4ttning och upptagning av b\u00e5tar.<\/div>\n<div style=\"text-align: center;\">Vidare \u00e4r tankning av b\u00e5tar till\u00e5tet i hamnen. G\u00e4stplatser \u00e4r till f\u00f6r g\u00e4stande<\/div>\n<div style=\"text-align: center;\">b\u00e5tar. F\u00f6r g\u00e4stplatserna uppb\u00e4rs avgift som fastst\u00e4lls av styrelsen.<\/div>\n<div style=\"text-align: center;\">5. B\u00e5tplatsinnehavarens hamnansvar<\/div>\n<div style=\"text-align: center;\">Genom att iaktta anvisningarna f\u00f6r hamnen kan man uppn\u00e5 en grundla\u0308ggande<\/div>\n<div style=\"text-align: center;\">sa\u0308kerhet f\u00f6r verksamheten i hamnen g\u00e4llande personer, b\u00e5tar, utrustning och<\/div>\n<div style=\"text-align: center;\">hamnkonstruktioner.<\/div>\n<div style=\"text-align: center;\">Som \u00e4gare av eller befa\u0308lhavare p\u00e5 medlemens b\u00e5t ansvarar hen f\u00f6r<\/div>\n<div style=\"text-align: center;\">s\u00e4kerhetsutrustningen ombord p\u00e5 b\u00e5ten n\u00e4r den ligger i hamn. Som b\u00e5t\u00e4gare<\/div>\n<div style=\"text-align: center;\">\u00e4r medlem alltid skyldig att s\u00f6rja f\u00f6r att b\u00e5ten \u00e4r ordentligt f\u00f6rt\u00f6jd. Medlem<\/div>\n<div style=\"text-align: center;\">vars b\u00e5t sliter sig p\u00e5 grund av bristf\u00e4llig f\u00f6rt\u00f6jning \u00e4r skyldig att ers\u00e4tta den<\/div>\n<div style=\"text-align: center;\">skada b\u00e5ten f\u00f6rorsakar p\u00e5 personer, anl\u00e4ggningar eller andra b\u00e5tar (f\u00f6rs\u00e4kring<\/div>\n<div style=\"text-align: center;\">rekommenderas).<\/div>\n<div style=\"text-align: center;\">Medlemmen f\u00f6rbinder sig att idka sj\u00f6vett vid infart och utfart ur hamnen. Om<\/div>\n<div style=\"text-align: center;\">medlemmen med sin b\u00e5t orsakar skada mot person, annan b\u00e5t eller<\/div>\n<div style=\"text-align: center;\">hamnanl\u00e4ggningarna genom ovarsamt framf\u00f6rande av b\u00e5ten i hamnen \u00e4r hen<\/div>\n<div style=\"text-align: center;\">ers\u00e4ttningsskyldig.<\/div>\n<div style=\"text-align: center;\">6. R\u00e4ddningsplan f\u00f6r hamnen<\/div>\n<div style=\"text-align: center;\">Vid tidpunkten f\u00f6r under skrivandet av detta avtal har medlemmen<\/div>\n<div style=\"text-align: center;\">underr\u00e4ttats om r\u00e4ddningsplanen f\u00f6r hamnen. Planen har genomg\u00e5tts och den<\/div>\n<div style=\"text-align: center;\">\u00e4r f\u00f6rst\u00e5dd.<\/div>\n<div style=\"text-align: center;\">\u00a0<\/div>\n<div style=\"text-align: center;\">7. Anv\u00e4ndning av f\u00f6reningsmedlemmarnas frivilliga resurser och<\/div>\n<div style=\"text-align: center;\">kompetenser.<\/div>\n<div style=\"text-align: center;\">Alla de resurser och kompetenser som finns till f\u00f6rfogande inom<\/div>\n<div style=\"text-align: center;\">medlemsk\u00e5ren b\u00f6r anv\u00e4ndas i den m\u00e5n det \u00e4r m\u00f6jlighet.<\/div>\n<div style=\"text-align: center;\">Medlem f\u00f6rv\u00e4ntas (enligt egen f\u00f6rm\u00e5ga) delta i talkoarbeten som f\u00f6reningen<\/div>\n<div style=\"text-align: center;\">ordnar. Alla insatser som medlemmarna utf\u00f6r f\u00f6r f\u00f6reningen minskar<\/div>\n<div style=\"text-align: center;\">kostnadstrycket p\u00e5 b\u00e5tplatshyrorna.<\/div>\n<div style=\"text-align: center;\">8. \u00c4ndring av detta avtal<\/div>\n<div style=\"text-align: center;\">\u00c4ndringar av ovan n\u00e4mnda best\u00e4mmelser kan ske med f\u00f6reningens<\/div>\n<div style=\"text-align: center;\">\u00e5rsm\u00f6tesbeslut. \u00c4ndringar av best\u00e4mmelserna skall meddelas medlemmarna<\/div>\n<div style=\"text-align: center;\">omedelbart efter att \u00e5rsm\u00f6tet godk\u00e4nt f\u00f6r\u00e4ndringarna. Meddelande kan ske<\/div>\n<div style=\"text-align: center;\">genom information p\u00e5 f\u00f6reningens hemsida eller anslagstavla i hamnen.<\/div>\n<div style=\"text-align: center;\">\u00a0<\/div>\n<div style=\"text-align: center;\">9. Som b\u00e5tplatsinnehavare av b\u00e5tplats\/platser<\/div>\n<div style=\"text-align: center;\"><span style=\"color: #555555; font-size: 14.4px;\">och <\/span><span style=\"color: #555555; font-size: 14.4px;\">medlem i B\u00e5thamnsf\u00f6reningen i Nykarleby rf f\u00f6rbinder jag mig att<\/span><\/div>\n<div>\n<div style=\"text-align: center;\">betala de avgifter ( medlemsavgift, registreringsavgift och<\/div>\n<div style=\"text-align: center;\">b\u00e5tplatshyra) som fastst\u00e4lls av f\u00f6reningens \u00e5rsm\u00f6te.<\/div>\n<div style=\"text-align: center;\">10. Vidare godk\u00e4nner och f\u00f6rbinder jag mig att f\u00f6lja<\/div>\n<div style=\"text-align: center;\">best\u00e4mmelserna i detta avtal genom att underteckna avtalet.<\/div>\n<div style=\"text-align: center;\">Nykarleby den __ ,__2025<\/div>\n<\/div>\n<\/div>\n<div style=\"text-align: center;\">Medlem styrelsens ordf\u00f6rande<\/div>\n<div style=\"text-align: center;\">\n<div class=\"is-divider divider clearfix\" ><\/div>\n\n<\/div>\n<div style=\"text-align: center;\">namnf\u00f6rtydligande<\/p>\n<div class=\"is-divider divider clearfix\" ><\/div>\n\n<\/div>\n<div style=\"text-align: center;\">styrelsens sekrerterare<\/div>\n<div style=\"text-align: center;\">\u00a0<\/div>\n<div style=\"text-align: center;\">Medlemmens e-postadress<\/div>\n<div style=\"text-align: center;\">\n<div class=\"is-divider divider clearfix\" ><\/div>\n\n\t<div class=\"img has-hover x md-x lg-x y md-y lg-y\" id=\"image_1637803435\">\n\t\t\t\t\t\t\t\t<div class=\"img-inner dark\" >\n\t\t\t<img loading=\"lazy\" decoding=\"async\" width=\"1020\" height=\"216\" src=\"https:\/\/www.andrasjonhamn.fi\/wp-content\/uploads\/2026\/03\/Avgifter-1024x217.png\" class=\"attachment-large size-large\" alt=\"\" srcset=\"https:\/\/www.andrasjonhamn.fi\/wp-content\/uploads\/2026\/03\/Avgifter-1024x217.png 1024w, https:\/\/www.andrasjonhamn.fi\/wp-content\/uploads\/2026\/03\/Avgifter-300x64.png 300w, https:\/\/www.andrasjonhamn.fi\/wp-content\/uploads\/2026\/03\/Avgifter-768x163.png 768w, https:\/\/www.andrasjonhamn.fi\/wp-content\/uploads\/2026\/03\/Avgifter-1536x326.png 1536w, https:\/\/www.andrasjonhamn.fi\/wp-content\/uploads\/2026\/03\/Avgifter.png 1678w\" sizes=\"auto, (max-width: 1020px) 100vw, 1020px\" \/>\t\t\t\t\t\t\n\t\t\t\t\t<\/div>\n\t\t\t\t\t\t\t\t\n<style>\n#image_1637803435 {\n  width: 100%;\n}\n<\/style>\n\t<\/div>\n\t\n\n<div class=\"is-divider divider clearfix\" style=\"max-width:0px;height:35px;\"><\/div>\n\n\n","protected":false},"excerpt":{"rendered":"","protected":false},"author":1,"featured_media":0,"parent":0,"menu_order":0,"comment_status":"closed","ping_status":"closed","template":"page-blank.php","meta":{"footnotes":""},"class_list":["post-263","page","type-page","status-publish","hentry"],"yoast_head":"<!-- This site is optimized with the Yoast SEO plugin v27.5 - https:\/\/yoast.com\/product\/yoast-seo-wordpress\/ -->\n<title>Medlemsavtal -<\/title>\n<meta name=\"robots\" content=\"index, follow, max-snippet:-1, max-image-preview:large, max-video-preview:-1\" \/>\n<link rel=\"canonical\" href=\"https:\/\/www.andrasjonhamn.fi\/index.php\/avtal-innehavare\/\" \/>\n<meta property=\"og:locale\" content=\"sv_SE\" \/>\n<meta property=\"og:type\" content=\"article\" \/>\n<meta property=\"og:title\" content=\"Medlemsavtal -\" \/>\n<meta property=\"og:url\" content=\"https:\/\/www.andrasjonhamn.fi\/index.php\/avtal-innehavare\/\" \/>\n<meta property=\"article:modified_time\" content=\"2026-03-28T16:38:56+00:00\" \/>\n<meta name=\"twitter:card\" content=\"summary_large_image\" \/>\n<meta name=\"twitter:label1\" content=\"Ber\u00e4knad l\u00e4stid\" \/>\n\t<meta name=\"twitter:data1\" content=\"6 minuter\" \/>\n<script type=\"application\/ld+json\" class=\"yoast-schema-graph\">{\"@context\":\"https:\\\/\\\/schema.org\",\"@graph\":[{\"@type\":\"WebPage\",\"@id\":\"https:\\\/\\\/www.andrasjonhamn.fi\\\/index.php\\\/avtal-innehavare\\\/\",\"url\":\"https:\\\/\\\/www.andrasjonhamn.fi\\\/index.php\\\/avtal-innehavare\\\/\",\"name\":\"Medlemsavtal -\",\"isPartOf\":{\"@id\":\"https:\\\/\\\/www.andrasjonhamn.fi\\\/#website\"},\"datePublished\":\"2025-03-18T18:18:54+00:00\",\"dateModified\":\"2026-03-28T16:38:56+00:00\",\"breadcrumb\":{\"@id\":\"https:\\\/\\\/www.andrasjonhamn.fi\\\/index.php\\\/avtal-innehavare\\\/#breadcrumb\"},\"inLanguage\":\"sv-SE\",\"potentialAction\":[{\"@type\":\"ReadAction\",\"target\":[\"https:\\\/\\\/www.andrasjonhamn.fi\\\/index.php\\\/avtal-innehavare\\\/\"]}]},{\"@type\":\"BreadcrumbList\",\"@id\":\"https:\\\/\\\/www.andrasjonhamn.fi\\\/index.php\\\/avtal-innehavare\\\/#breadcrumb\",\"itemListElement\":[{\"@type\":\"ListItem\",\"position\":1,\"name\":\"Hem\",\"item\":\"https:\\\/\\\/www.andrasjonhamn.fi\\\/\"},{\"@type\":\"ListItem\",\"position\":2,\"name\":\"Medlemsavtal\"}]},{\"@type\":\"WebSite\",\"@id\":\"https:\\\/\\\/www.andrasjonhamn.fi\\\/#website\",\"url\":\"https:\\\/\\\/www.andrasjonhamn.fi\\\/\",\"name\":\"Andrasj\u00f6nhamn\",\"description\":\"B&aring;thamnsf&ouml;reningen i Nykarleby\",\"publisher\":{\"@id\":\"https:\\\/\\\/www.andrasjonhamn.fi\\\/#organization\"},\"potentialAction\":[{\"@type\":\"SearchAction\",\"target\":{\"@type\":\"EntryPoint\",\"urlTemplate\":\"https:\\\/\\\/www.andrasjonhamn.fi\\\/?s={search_term_string}\"},\"query-input\":{\"@type\":\"PropertyValueSpecification\",\"valueRequired\":true,\"valueName\":\"search_term_string\"}}],\"inLanguage\":\"sv-SE\"},{\"@type\":\"Organization\",\"@id\":\"https:\\\/\\\/www.andrasjonhamn.fi\\\/#organization\",\"name\":\"B\u00e5thamnsf\u00f6reningen i Nykarleby Rf\",\"url\":\"https:\\\/\\\/www.andrasjonhamn.fi\\\/\",\"logo\":{\"@type\":\"ImageObject\",\"inLanguage\":\"sv-SE\",\"@id\":\"https:\\\/\\\/www.andrasjonhamn.fi\\\/#\\\/schema\\\/logo\\\/image\\\/\",\"url\":\"https:\\\/\\\/www.andrasjonhamn.fi\\\/wp-content\\\/uploads\\\/2025\\\/03\\\/Andrasjonbla1.png\",\"contentUrl\":\"https:\\\/\\\/www.andrasjonhamn.fi\\\/wp-content\\\/uploads\\\/2025\\\/03\\\/Andrasjonbla1.png\",\"width\":1419,\"height\":1279,\"caption\":\"B\u00e5thamnsf\u00f6reningen i Nykarleby Rf\"},\"image\":{\"@id\":\"https:\\\/\\\/www.andrasjonhamn.fi\\\/#\\\/schema\\\/logo\\\/image\\\/\"}}]}<\/script>\n<!-- \/ Yoast SEO plugin. -->","yoast_head_json":{"title":"Medlemsavtal -","robots":{"index":"index","follow":"follow","max-snippet":"max-snippet:-1","max-image-preview":"max-image-preview:large","max-video-preview":"max-video-preview:-1"},"canonical":"https:\/\/www.andrasjonhamn.fi\/index.php\/avtal-innehavare\/","og_locale":"sv_SE","og_type":"article","og_title":"Medlemsavtal -","og_url":"https:\/\/www.andrasjonhamn.fi\/index.php\/avtal-innehavare\/","article_modified_time":"2026-03-28T16:38:56+00:00","twitter_card":"summary_large_image","twitter_misc":{"Ber\u00e4knad l\u00e4stid":"6 minuter"},"schema":{"@context":"https:\/\/schema.org","@graph":[{"@type":"WebPage","@id":"https:\/\/www.andrasjonhamn.fi\/index.php\/avtal-innehavare\/","url":"https:\/\/www.andrasjonhamn.fi\/index.php\/avtal-innehavare\/","name":"Medlemsavtal -","isPartOf":{"@id":"https:\/\/www.andrasjonhamn.fi\/#website"},"datePublished":"2025-03-18T18:18:54+00:00","dateModified":"2026-03-28T16:38:56+00:00","breadcrumb":{"@id":"https:\/\/www.andrasjonhamn.fi\/index.php\/avtal-innehavare\/#breadcrumb"},"inLanguage":"sv-SE","potentialAction":[{"@type":"ReadAction","target":["https:\/\/www.andrasjonhamn.fi\/index.php\/avtal-innehavare\/"]}]},{"@type":"BreadcrumbList","@id":"https:\/\/www.andrasjonhamn.fi\/index.php\/avtal-innehavare\/#breadcrumb","itemListElement":[{"@type":"ListItem","position":1,"name":"Hem","item":"https:\/\/www.andrasjonhamn.fi\/"},{"@type":"ListItem","position":2,"name":"Medlemsavtal"}]},{"@type":"WebSite","@id":"https:\/\/www.andrasjonhamn.fi\/#website","url":"https:\/\/www.andrasjonhamn.fi\/","name":"Andrasj\u00f6nhamn","description":"B&aring;thamnsf&ouml;reningen i Nykarleby","publisher":{"@id":"https:\/\/www.andrasjonhamn.fi\/#organization"},"potentialAction":[{"@type":"SearchAction","target":{"@type":"EntryPoint","urlTemplate":"https:\/\/www.andrasjonhamn.fi\/?s={search_term_string}"},"query-input":{"@type":"PropertyValueSpecification","valueRequired":true,"valueName":"search_term_string"}}],"inLanguage":"sv-SE"},{"@type":"Organization","@id":"https:\/\/www.andrasjonhamn.fi\/#organization","name":"B\u00e5thamnsf\u00f6reningen i Nykarleby Rf","url":"https:\/\/www.andrasjonhamn.fi\/","logo":{"@type":"ImageObject","inLanguage":"sv-SE","@id":"https:\/\/www.andrasjonhamn.fi\/#\/schema\/logo\/image\/","url":"https:\/\/www.andrasjonhamn.fi\/wp-content\/uploads\/2025\/03\/Andrasjonbla1.png","contentUrl":"https:\/\/www.andrasjonhamn.fi\/wp-content\/uploads\/2025\/03\/Andrasjonbla1.png","width":1419,"height":1279,"caption":"B\u00e5thamnsf\u00f6reningen i Nykarleby Rf"},"image":{"@id":"https:\/\/www.andrasjonhamn.fi\/#\/schema\/logo\/image\/"}}]}},"_links":{"self":[{"href":"https:\/\/www.andrasjonhamn.fi\/index.php\/wp-json\/wp\/v2\/pages\/263","targetHints":{"allow":["GET"]}}],"collection":[{"href":"https:\/\/www.andrasjonhamn.fi\/index.php\/wp-json\/wp\/v2\/pages"}],"about":[{"href":"https:\/\/www.andrasjonhamn.fi\/index.php\/wp-json\/wp\/v2\/types\/page"}],"author":[{"embeddable":true,"href":"https:\/\/www.andrasjonhamn.fi\/index.php\/wp-json\/wp\/v2\/users\/1"}],"replies":[{"embeddable":true,"href":"https:\/\/www.andrasjonhamn.fi\/index.php\/wp-json\/wp\/v2\/comments?post=263"}],"version-history":[{"count":6,"href":"https:\/\/www.andrasjonhamn.fi\/index.php\/wp-json\/wp\/v2\/pages\/263\/revisions"}],"predecessor-version":[{"id":430,"href":"https:\/\/www.andrasjonhamn.fi\/index.php\/wp-json\/wp\/v2\/pages\/263\/revisions\/430"}],"wp:attachment":[{"href":"https:\/\/www.andrasjonhamn.fi\/index.php\/wp-json\/wp\/v2\/media?parent=263"}],"curies":[{"name":"wp","href":"https:\/\/api.w.org\/{rel}","templated":true}]}}