{"id":268,"date":"2025-03-18T20:24:28","date_gmt":"2025-03-18T18:24:28","guid":{"rendered":"https:\/\/www.andrasjonhamn.fi\/?page_id=268"},"modified":"2025-12-30T18:28:41","modified_gmt":"2025-12-30T16:28:41","slug":"verksamhetsplan","status":"publish","type":"page","link":"https:\/\/www.andrasjonhamn.fi\/index.php\/verksamhetsplan\/","title":{"rendered":"Verksamhetsplan"},"content":{"rendered":"\n<div style=\"text-align: center;\">\n<p><span style=\"font-size: xx-large;\"><span lang=\"sv-FI\"><b>B\u00e5thamnsf\u00f6reningen i Nykarleby r f<\/b><\/span><\/span><\/p>\n<p><span style=\"font-size: x-large;\"><span lang=\"sv-FI\"><b>Vision<\/b><\/span><\/span><\/p>\n<p><span style=\"font-size: large;\"><span lang=\"sv-FI\">Visionen \u00e4r att Andrasj\u00f6ns b\u00e5thamn blir en av det b\u00e4sta b\u00e5thamnarna i nejden som betj\u00e4nar v\u00e5ra f\u00f6reningsmedlemmar men ocks\u00e5 g\u00e4stande b\u00e5tbes\u00e4ttningar p\u00e5 b\u00e4sta m\u00f6jliga s\u00e4tt till sk\u00e4liga kostnader. <\/span><\/span><span style=\"color: #000000;\"><span style=\"font-size: large;\"><span lang=\"sv-FI\">Hamnen skall vara en trivsam och trygg hamn f\u00f6r alla b\u00e5tfarare.<\/span><\/span><\/span><\/p>\n<p><span style=\"font-size: x-large;\"><span lang=\"sv-FI\"><b>M\u00e5ls\u00e4ttning<\/b><\/span><\/span><\/p>\n<p><span style=\"font-size: large;\"><span lang=\"sv-FI\">F\u00f6reningens m\u00e5ls\u00e4ttning \u00e4r att kunna bygga upp en hamnverksamhet med all service som b\u00e5t\u00e4gare s\u00e5v\u00e4l f\u00f6reningsmedlemmar som g\u00e4stande b\u00e5t\u00e4gare f\u00f6rv\u00e4ntar sig i en b\u00e5thamn i framtiden. <\/span><\/span><span style=\"color: #000000;\"><span style=\"font-size: large;\"><span lang=\"sv-FI\">Samtidigt som hamnen skall utvecklas till en modern hamn s\u00e5 tas milj\u00f6aspekter i beaktande vid utbyggnaden och moderniseringen .<\/span><\/span><\/span><\/p>\n<p><span style=\"font-size: large;\"><span lang=\"sv-FI\">Genom den goda servicen som kan erbjudas i framtiden kommer Andrasj\u00f6ns b\u00e5thamn att bli en k\u00e4nd och v\u00e4l bes\u00f6kt hamn \u00e4ven f\u00f6r g\u00e4stande b\u00e5tar fr\u00e5n andra orter. <\/span><\/span><\/p>\n<p><span style=\"font-size: x-large;\"><span lang=\"sv-FI\"><b>Ansvarstagande<\/b><\/span><\/span><\/p>\n<p><span style=\"font-size: large;\"><span lang=\"sv-FI\">Det \u00e4r ett stort juridiskt ansvar som B\u00e5thamnsf\u00f6reningen i Nykarleby r f \u00e5tar sig genom att bli administrat\u00f6r f\u00f6r Andrasj\u00f6ns b\u00e5thamn. En b\u00e5thamn med ca 280 b\u00e5tplatser st\u00e4ller s\u00e4kerhetskrav p\u00e5 anl\u00e4ggningarna s\u00e5v\u00e4l som p\u00e5 b\u00e5tplatsinnehavarna. D\u00e4rf\u00f6r b\u00f6r snarast tecknas en ansvarsf\u00f6rs\u00e4kring f\u00f6r f\u00f6reningens verksamhet.<\/span><\/span><\/p>\n<p>\u00a0<\/p>\n<p>\u00a0<\/p>\n<p><span style=\"font-size: x-large;\"><span lang=\"sv-FI\"><b>Verksamhetsplan f\u00f6r \u00e5r 2026 f\u00f6r B\u00e5thamnsf\u00f6reningen i Nykarleby rf<\/b><\/span><\/span><\/p>\n<p>\u00a0<\/p>\n<p><span style=\"font-size: x-large;\"><span lang=\"sv-FI\">3<\/span><\/span><span style=\"font-size: x-large;\"><span lang=\"sv-FI\"><b>.Investeringar och reparationer<\/b><\/span><\/span><\/p>\n<p><span style=\"font-size: large;\"><span lang=\"sv-FI\">En hel del brister i utrustningar och underh\u00e5llet av befintliga hamnanl\u00e4ggningar har konstaterats och fordrar \u00e5tg\u00e4rder. F\u00f6r detta beh\u00f6vs s\u00e5v\u00e4l finansiering som talkoinsatser. Allt kan inte \u00e5tg\u00e4rdas under den f\u00f6rsta s\u00e4songen p\u00e5 grund av h\u00f6ga kostnader. Det blir den kommande styrelsens uppgift att best\u00e4mma vilka arbeten som b\u00f6r prioriteras. <\/span><\/span><\/p>\n<p>\u00a0<\/p>\n<p><span style=\"font-size: x-large;\"><span lang=\"sv-FI\"><b>4. Arbeten som b\u00f6r utf\u00f6ras under f\u00f6rsta s\u00e4songen<\/b><\/span><\/span><\/p>\n<p><span style=\"font-size: large;\"><span lang=\"sv-FI\">Anskaffning av lagstadgad s\u00e4kerhetsutrustning f\u00f6r hamnen.<\/span><\/span><\/p>\n<p><span style=\"font-size: large;\"><span lang=\"sv-FI\">Granskning av bojk\u00e4ttingar samt granskning av inf\u00e4stningar <\/span><\/span><\/p>\n<p><span style=\"font-size: large;\"><span lang=\"sv-FI\">och ankringsk\u00e4ttingar f\u00f6r flytbryggorna.<\/span><\/span><\/p>\n<p><span style=\"font-size: large;\"><span lang=\"sv-FI\">Upps\u00e4ttning av fysisk anslagstavla i hamnen<\/span><\/span><\/p>\n<p><span style=\"font-size: large;\"><span lang=\"sv-FI\">med information om hamnens best\u00e4mmelser och <\/span><\/span><\/p>\n<p><span style=\"font-size: large;\"><span lang=\"sv-FI\">ansvarspersoner.<\/span><\/span><\/p>\n<p><span style=\"font-size: large;\"><span lang=\"sv-FI\">Reparation av akuta fel p\u00e5 brygglocken.<\/span><\/span><\/p>\n<p><span style=\"font-size: large;\"><span lang=\"sv-FI\">Upps\u00e4ttning av infotavlor (g\u00e4sthamnsinfo<\/span><\/span><\/p>\n<p><span style=\"font-size: large;\"><span lang=\"sv-FI\">och f\u00f6rbud mot v\u00e5gbildning).<\/span><\/span><\/p>\n<p><span style=\"font-size: large;\"><span lang=\"sv-FI\">Planering av kamera\u00f6vervakning.<\/span><\/span><\/p>\n<p><span style=\"font-size: large;\"><span lang=\"sv-FI\">Planering av septitanks-t\u00f6mningsutrustning.<\/span><\/span><\/p>\n<p>\u00a0<\/p>\n<p><span style=\"font-size: x-large;\"><span lang=\"sv-FI\"><b>5.Kommande \u00e5rs verksamhet<\/b><\/span><\/span><\/p>\n<p><span style=\"font-size: large;\"><span lang=\"sv-FI\">Inf\u00f6r kommande \u00e5r \u00e4r en muddring av hamnbass\u00e4ngen och<\/span><\/span><\/p>\n<p><span style=\"font-size: large;\"><span lang=\"sv-FI\">inseglingfarleden oundviklig. <\/span><\/span><\/p>\n<p><span style=\"font-size: large;\"><span lang=\"sv-FI\">En utbyggnad av b\u00e5tplatserna b\u00f6r ske f\u00f6r att<\/span><\/span><\/p>\n<p><span style=\"font-size: large;\"><span lang=\"sv-FI\">svara mot den kommande efterfr\u00e5gan.<\/span><\/span><\/p>\n<p><span style=\"font-size: large;\"><span lang=\"sv-FI\">Eluttag samt vattenposter p\u00e5 bryggorna \u00e4r service som<\/span><\/span><\/p>\n<p><span style=\"font-size: large;\"><span lang=\"sv-FI\">moderna hamnar erbjuder.<\/span><\/span><\/p>\n<p><span style=\"font-size: large;\"><span lang=\"sv-FI\">Installation av kamerautrustning och andra <\/span><\/span><\/p>\n<p><span style=\"font-size: large;\"><span lang=\"sv-FI\">s\u00e4kerhetsanordningar.<\/span><\/span><\/p>\n<p><span style=\"font-size: large;\"><span lang=\"sv-FI\">installation av septitanks-t\u00f6mningsutrustning<\/span><\/span><\/p>\n<p><span style=\"font-size: large;\"><span lang=\"sv-FI\">B\u00e5thamnsverksamheten och trivsel kan utvecklas och<\/span><\/span><\/p>\n<p><span style=\"font-size: large;\"><span lang=\"sv-FI\">f\u00f6rb\u00e4ttras genom att ta ibruk nya serviceformer och tj\u00e4nster.<\/span><\/span><\/p>\n<p><span style=\"font-size: x-large;\"><span lang=\"sv-FI\">Styrelsen f\u00f6r b\u00e5thamnsf\u00f6reningen <\/span><\/span><\/p>\n<p><span style=\"font-size: x-large;\"><span lang=\"sv-FI\">i Nykarleby rf <\/span><\/span><\/p>\n<\/div>\n\n","protected":false},"excerpt":{"rendered":"","protected":false},"author":1,"featured_media":0,"parent":0,"menu_order":0,"comment_status":"closed","ping_status":"closed","template":"","meta":{"footnotes":""},"class_list":["post-268","page","type-page","status-publish","hentry"],"yoast_head":"<!-- This site is optimized with the Yoast SEO plugin v27.5 - https:\/\/yoast.com\/product\/yoast-seo-wordpress\/ -->\n<title>Verksamhetsplan -<\/title>\n<meta name=\"robots\" content=\"index, follow, max-snippet:-1, max-image-preview:large, max-video-preview:-1\" \/>\n<link rel=\"canonical\" href=\"https:\/\/www.andrasjonhamn.fi\/index.php\/verksamhetsplan\/\" \/>\n<meta property=\"og:locale\" content=\"sv_SE\" \/>\n<meta property=\"og:type\" content=\"article\" \/>\n<meta property=\"og:title\" content=\"Verksamhetsplan -\" \/>\n<meta property=\"og:url\" content=\"https:\/\/www.andrasjonhamn.fi\/index.php\/verksamhetsplan\/\" \/>\n<meta property=\"article:modified_time\" content=\"2025-12-30T16:28:41+00:00\" \/>\n<meta name=\"twitter:card\" content=\"summary_large_image\" \/>\n<meta name=\"twitter:label1\" content=\"Ber\u00e4knad l\u00e4stid\" \/>\n\t<meta name=\"twitter:data1\" content=\"2 minuter\" \/>\n<script type=\"application\/ld+json\" class=\"yoast-schema-graph\">{\"@context\":\"https:\\\/\\\/schema.org\",\"@graph\":[{\"@type\":\"WebPage\",\"@id\":\"https:\\\/\\\/www.andrasjonhamn.fi\\\/index.php\\\/verksamhetsplan\\\/\",\"url\":\"https:\\\/\\\/www.andrasjonhamn.fi\\\/index.php\\\/verksamhetsplan\\\/\",\"name\":\"Verksamhetsplan -\",\"isPartOf\":{\"@id\":\"https:\\\/\\\/www.andrasjonhamn.fi\\\/#website\"},\"datePublished\":\"2025-03-18T18:24:28+00:00\",\"dateModified\":\"2025-12-30T16:28:41+00:00\",\"breadcrumb\":{\"@id\":\"https:\\\/\\\/www.andrasjonhamn.fi\\\/index.php\\\/verksamhetsplan\\\/#breadcrumb\"},\"inLanguage\":\"sv-SE\",\"potentialAction\":[{\"@type\":\"ReadAction\",\"target\":[\"https:\\\/\\\/www.andrasjonhamn.fi\\\/index.php\\\/verksamhetsplan\\\/\"]}]},{\"@type\":\"BreadcrumbList\",\"@id\":\"https:\\\/\\\/www.andrasjonhamn.fi\\\/index.php\\\/verksamhetsplan\\\/#breadcrumb\",\"itemListElement\":[{\"@type\":\"ListItem\",\"position\":1,\"name\":\"Hem\",\"item\":\"https:\\\/\\\/www.andrasjonhamn.fi\\\/\"},{\"@type\":\"ListItem\",\"position\":2,\"name\":\"Verksamhetsplan\"}]},{\"@type\":\"WebSite\",\"@id\":\"https:\\\/\\\/www.andrasjonhamn.fi\\\/#website\",\"url\":\"https:\\\/\\\/www.andrasjonhamn.fi\\\/\",\"name\":\"Andrasj\u00f6nhamn\",\"description\":\"B&aring;thamnsf&ouml;reningen i Nykarleby\",\"publisher\":{\"@id\":\"https:\\\/\\\/www.andrasjonhamn.fi\\\/#organization\"},\"potentialAction\":[{\"@type\":\"SearchAction\",\"target\":{\"@type\":\"EntryPoint\",\"urlTemplate\":\"https:\\\/\\\/www.andrasjonhamn.fi\\\/?s={search_term_string}\"},\"query-input\":{\"@type\":\"PropertyValueSpecification\",\"valueRequired\":true,\"valueName\":\"search_term_string\"}}],\"inLanguage\":\"sv-SE\"},{\"@type\":\"Organization\",\"@id\":\"https:\\\/\\\/www.andrasjonhamn.fi\\\/#organization\",\"name\":\"B\u00e5thamnsf\u00f6reningen i Nykarleby Rf\",\"url\":\"https:\\\/\\\/www.andrasjonhamn.fi\\\/\",\"logo\":{\"@type\":\"ImageObject\",\"inLanguage\":\"sv-SE\",\"@id\":\"https:\\\/\\\/www.andrasjonhamn.fi\\\/#\\\/schema\\\/logo\\\/image\\\/\",\"url\":\"https:\\\/\\\/www.andrasjonhamn.fi\\\/wp-content\\\/uploads\\\/2025\\\/03\\\/Andrasjonbla1.png\",\"contentUrl\":\"https:\\\/\\\/www.andrasjonhamn.fi\\\/wp-content\\\/uploads\\\/2025\\\/03\\\/Andrasjonbla1.png\",\"width\":1419,\"height\":1279,\"caption\":\"B\u00e5thamnsf\u00f6reningen i Nykarleby Rf\"},\"image\":{\"@id\":\"https:\\\/\\\/www.andrasjonhamn.fi\\\/#\\\/schema\\\/logo\\\/image\\\/\"}}]}<\/script>\n<!-- \/ Yoast SEO plugin. -->","yoast_head_json":{"title":"Verksamhetsplan -","robots":{"index":"index","follow":"follow","max-snippet":"max-snippet:-1","max-image-preview":"max-image-preview:large","max-video-preview":"max-video-preview:-1"},"canonical":"https:\/\/www.andrasjonhamn.fi\/index.php\/verksamhetsplan\/","og_locale":"sv_SE","og_type":"article","og_title":"Verksamhetsplan -","og_url":"https:\/\/www.andrasjonhamn.fi\/index.php\/verksamhetsplan\/","article_modified_time":"2025-12-30T16:28:41+00:00","twitter_card":"summary_large_image","twitter_misc":{"Ber\u00e4knad l\u00e4stid":"2 minuter"},"schema":{"@context":"https:\/\/schema.org","@graph":[{"@type":"WebPage","@id":"https:\/\/www.andrasjonhamn.fi\/index.php\/verksamhetsplan\/","url":"https:\/\/www.andrasjonhamn.fi\/index.php\/verksamhetsplan\/","name":"Verksamhetsplan -","isPartOf":{"@id":"https:\/\/www.andrasjonhamn.fi\/#website"},"datePublished":"2025-03-18T18:24:28+00:00","dateModified":"2025-12-30T16:28:41+00:00","breadcrumb":{"@id":"https:\/\/www.andrasjonhamn.fi\/index.php\/verksamhetsplan\/#breadcrumb"},"inLanguage":"sv-SE","potentialAction":[{"@type":"ReadAction","target":["https:\/\/www.andrasjonhamn.fi\/index.php\/verksamhetsplan\/"]}]},{"@type":"BreadcrumbList","@id":"https:\/\/www.andrasjonhamn.fi\/index.php\/verksamhetsplan\/#breadcrumb","itemListElement":[{"@type":"ListItem","position":1,"name":"Hem","item":"https:\/\/www.andrasjonhamn.fi\/"},{"@type":"ListItem","position":2,"name":"Verksamhetsplan"}]},{"@type":"WebSite","@id":"https:\/\/www.andrasjonhamn.fi\/#website","url":"https:\/\/www.andrasjonhamn.fi\/","name":"Andrasj\u00f6nhamn","description":"B&aring;thamnsf&ouml;reningen i Nykarleby","publisher":{"@id":"https:\/\/www.andrasjonhamn.fi\/#organization"},"potentialAction":[{"@type":"SearchAction","target":{"@type":"EntryPoint","urlTemplate":"https:\/\/www.andrasjonhamn.fi\/?s={search_term_string}"},"query-input":{"@type":"PropertyValueSpecification","valueRequired":true,"valueName":"search_term_string"}}],"inLanguage":"sv-SE"},{"@type":"Organization","@id":"https:\/\/www.andrasjonhamn.fi\/#organization","name":"B\u00e5thamnsf\u00f6reningen i Nykarleby Rf","url":"https:\/\/www.andrasjonhamn.fi\/","logo":{"@type":"ImageObject","inLanguage":"sv-SE","@id":"https:\/\/www.andrasjonhamn.fi\/#\/schema\/logo\/image\/","url":"https:\/\/www.andrasjonhamn.fi\/wp-content\/uploads\/2025\/03\/Andrasjonbla1.png","contentUrl":"https:\/\/www.andrasjonhamn.fi\/wp-content\/uploads\/2025\/03\/Andrasjonbla1.png","width":1419,"height":1279,"caption":"B\u00e5thamnsf\u00f6reningen i Nykarleby Rf"},"image":{"@id":"https:\/\/www.andrasjonhamn.fi\/#\/schema\/logo\/image\/"}}]}},"_links":{"self":[{"href":"https:\/\/www.andrasjonhamn.fi\/index.php\/wp-json\/wp\/v2\/pages\/268","targetHints":{"allow":["GET"]}}],"collection":[{"href":"https:\/\/www.andrasjonhamn.fi\/index.php\/wp-json\/wp\/v2\/pages"}],"about":[{"href":"https:\/\/www.andrasjonhamn.fi\/index.php\/wp-json\/wp\/v2\/types\/page"}],"author":[{"embeddable":true,"href":"https:\/\/www.andrasjonhamn.fi\/index.php\/wp-json\/wp\/v2\/users\/1"}],"replies":[{"embeddable":true,"href":"https:\/\/www.andrasjonhamn.fi\/index.php\/wp-json\/wp\/v2\/comments?post=268"}],"version-history":[{"count":7,"href":"https:\/\/www.andrasjonhamn.fi\/index.php\/wp-json\/wp\/v2\/pages\/268\/revisions"}],"predecessor-version":[{"id":377,"href":"https:\/\/www.andrasjonhamn.fi\/index.php\/wp-json\/wp\/v2\/pages\/268\/revisions\/377"}],"wp:attachment":[{"href":"https:\/\/www.andrasjonhamn.fi\/index.php\/wp-json\/wp\/v2\/media?parent=268"}],"curies":[{"name":"wp","href":"https:\/\/api.w.org\/{rel}","templated":true}]}}